{"id":2,"date":"2021-04-05T08:52:46","date_gmt":"2021-04-05T08:52:46","guid":{"rendered":"https:\/\/truecrime-texter.de\/?page_id=2"},"modified":"2022-10-25T09:05:11","modified_gmt":"2022-10-25T09:05:11","slug":"sample-page","status":"publish","type":"page","link":"https:\/\/truecrime-texter.de\/","title":{"rendered":"True Crime Texter"},"content":{"rendered":"\n<p>Serien, Filme, Zeitschriften, Podcasts und B\u00fccher \u2013 True Crime ist salonf\u00e4hig geworden. Ich erinnere mich gut an die Blicke, die mich trafen, wenn ich in den vergangenen 30 Jahren jemandem von meiner Faszination f\u00fcr Serienm\u00f6rder erz\u00e4hlte, oder wenn neue Freunde zum ersten Mal einen Blick auf mein B\u00fccherregal warfen: &#8222;Sowas liest du? Wieso interessierst du dich denn f\u00fcr sowas?&#8220; Heute interessiert sich scheinbar jeder daf\u00fcr und w\u00e4hrend die entlegenen Winkel des Internets immer schon voll waren mit Berichten \u00fcber Serienm\u00f6rder und aufsehenerregende Verbrechen, erobert das Thema jetzt auch den Mainstream.<\/p>\n\n\n\n<p>F\u00fcr mich als Texterin und Lektorin bedeutet das, dass ich mein Interesse am Thema True Crime mit meiner beruflichen T\u00e4tigkeit verbinden kann. Mit viel Fachwissen, guten Recherchef\u00e4higkeiten und einem sachlichen, informativen Schreibstil ohne rei\u00dferische \u00dcberschriften und Stammtischparolen schreibe ich f\u00fcr dich Texte \u00fcber wahre Verbrechen. Aufgrund meiner guten Englischkenntnisse stehen mir dabei auch englischsprachige Quellen uneingeschr\u00e4nkt zur Verf\u00fcgung. Wenn du selbst schreibst und ver\u00f6ffentlichst, unterst\u00fctze ich dich mit einem Korrektorat oder Lektorat.<\/p>\n\n\n\n<p class=\"has-text-align-center\">Du hast Interesse an einer Zusammenarbeit? Lass uns \u00fcber dein Projekt sprechen!<\/p>\n\n\n\n<div class=\"wp-block-buttons is-horizontal is-content-justification-center is-layout-flex wp-container-core-buttons-is-layout-499968f5 wp-block-buttons-is-layout-flex\">\n<div class=\"wp-block-button is-style-outline is-style-outline--1\"><a class=\"wp-block-button__link has-sitebg-color has-accent-2-background-color has-text-color has-background\" href=\"https:\/\/truecrime-texter.de\/?page_id=125\" target=\"_blank\" rel=\"noreferrer noopener\">Schreib mir<\/a><\/div>\n<\/div>\n\n\n\n<p><\/p>\n","protected":false},"excerpt":{"rendered":"<p>Serien, Filme, Zeitschriften, Podcasts und B\u00fccher \u2013 True Crime ist salonf\u00e4hig geworden. Ich erinnere mich gut an die Blicke, die mich trafen, wenn ich in den vergangenen 30 Jahren jemandem von meiner Faszination f\u00fcr Serienm\u00f6rder erz\u00e4hlte, oder wenn neue Freunde zum ersten Mal einen Blick auf mein B\u00fccherregal warfen: &#8222;Sowas &hellip;<\/p>\n","protected":false},"author":1,"featured_media":0,"parent":0,"menu_order":0,"comment_status":"closed","ping_status":"open","template":"","meta":{"footnotes":""},"class_list":["post-2","page","type-page","status-publish","hentry"],"_links":{"self":[{"href":"https:\/\/truecrime-texter.de\/index.php?rest_route=\/wp\/v2\/pages\/2","targetHints":{"allow":["GET"]}}],"collection":[{"href":"https:\/\/truecrime-texter.de\/index.php?rest_route=\/wp\/v2\/pages"}],"about":[{"href":"https:\/\/truecrime-texter.de\/index.php?rest_route=\/wp\/v2\/types\/page"}],"author":[{"embeddable":true,"href":"https:\/\/truecrime-texter.de\/index.php?rest_route=\/wp\/v2\/users\/1"}],"replies":[{"embeddable":true,"href":"https:\/\/truecrime-texter.de\/index.php?rest_route=%2Fwp%2Fv2%2Fcomments&post=2"}],"version-history":[{"count":15,"href":"https:\/\/truecrime-texter.de\/index.php?rest_route=\/wp\/v2\/pages\/2\/revisions"}],"predecessor-version":[{"id":218,"href":"https:\/\/truecrime-texter.de\/index.php?rest_route=\/wp\/v2\/pages\/2\/revisions\/218"}],"wp:attachment":[{"href":"https:\/\/truecrime-texter.de\/index.php?rest_route=%2Fwp%2Fv2%2Fmedia&parent=2"}],"curies":[{"name":"wp","href":"https:\/\/api.w.org\/{rel}","templated":true}]}}