{"id":52,"date":"2021-04-07T10:58:04","date_gmt":"2021-04-07T10:58:04","guid":{"rendered":"https:\/\/truecrime-texter.de\/?page_id=52"},"modified":"2022-10-22T10:09:58","modified_gmt":"2022-10-22T10:09:58","slug":"leistungen","status":"publish","type":"page","link":"https:\/\/truecrime-texter.de\/?page_id=52","title":{"rendered":"Leistungen"},"content":{"rendered":"\n<p>Auch wenn das Thema True Crime mittlerweile im Mainstream angekommen ist und das Angebot an Dokus, Podcasts und Zeitschriften mehr als reichhaltig ist, ist es dennoch kein Thema f\u00fcr jedermann. Vor allem, wenn du Texte \u00fcber wahre Verbrechen ben\u00f6tigst oder selbst schreibst und ein Korrektorat oder Lektorat brauchst, w\u00fcnschst du dir f\u00fcr die Zusammenarbeit einen Partner, der mit der Materie vertraut ist, auf dessen Fachwissen du vertrauen kannst und mit dem du fachsimpeln und dich austauschen kannst.<\/p>\n\n\n\n<p>Damit bist du bei mir genau richtig. Ein Grundstudium in Jura und Germanistik und die langj\u00e4hrige Erfahrung aus meiner Arbeit als Texterin gepaart mit einem jahrzehntelangen, privaten Interesse an Serienm\u00f6rdern und au\u00dfergew\u00f6hnlichen Verbrechen machen mich zu deinem Partner in Crime rund um das Schreiben von True-Crime-Inhalten.<\/p>\n\n\n\n<p><strong>Ich unterst\u00fctze dich in den folgenden Bereichen:<\/strong><\/p>\n\n\n\n<ul class=\"wp-block-list\"><li><strong>Texterstellung<\/strong><\/li><li><strong>Recherchearbeit<\/strong><\/li><li><strong>Korrektorat und Lektorat<\/strong><\/li><\/ul>\n\n\n\n<p class=\"has-text-align-center\">Lass uns gemeinsam dein Projekt starten!<\/p>\n\n\n\n<div class=\"wp-block-buttons is-horizontal is-content-justification-center is-layout-flex wp-container-core-buttons-is-layout-499968f5 wp-block-buttons-is-layout-flex\">\n<div class=\"wp-block-button is-style-outline is-style-outline--1\"><a class=\"wp-block-button__link has-sitebg-color has-accent-2-background-color has-text-color has-background\" href=\"https:\/\/truecrime-texter.de\/?page_id=125\" target=\"_blank\" rel=\"noreferrer noopener\">Schreib mir<\/a><\/div>\n<\/div>\n","protected":false},"excerpt":{"rendered":"<p>Auch wenn das Thema True Crime mittlerweile im Mainstream angekommen ist und das Angebot an Dokus, Podcasts und Zeitschriften mehr als reichhaltig ist, ist es dennoch kein Thema f\u00fcr jedermann. Vor allem, wenn du Texte \u00fcber wahre Verbrechen ben\u00f6tigst oder selbst schreibst und ein Korrektorat oder Lektorat brauchst, w\u00fcnschst du &hellip;<\/p>\n","protected":false},"author":1,"featured_media":0,"parent":0,"menu_order":0,"comment_status":"closed","ping_status":"closed","template":"","meta":{"footnotes":""},"class_list":["post-52","page","type-page","status-publish","hentry"],"_links":{"self":[{"href":"https:\/\/truecrime-texter.de\/index.php?rest_route=\/wp\/v2\/pages\/52","targetHints":{"allow":["GET"]}}],"collection":[{"href":"https:\/\/truecrime-texter.de\/index.php?rest_route=\/wp\/v2\/pages"}],"about":[{"href":"https:\/\/truecrime-texter.de\/index.php?rest_route=\/wp\/v2\/types\/page"}],"author":[{"embeddable":true,"href":"https:\/\/truecrime-texter.de\/index.php?rest_route=\/wp\/v2\/users\/1"}],"replies":[{"embeddable":true,"href":"https:\/\/truecrime-texter.de\/index.php?rest_route=%2Fwp%2Fv2%2Fcomments&post=52"}],"version-history":[{"count":12,"href":"https:\/\/truecrime-texter.de\/index.php?rest_route=\/wp\/v2\/pages\/52\/revisions"}],"predecessor-version":[{"id":215,"href":"https:\/\/truecrime-texter.de\/index.php?rest_route=\/wp\/v2\/pages\/52\/revisions\/215"}],"wp:attachment":[{"href":"https:\/\/truecrime-texter.de\/index.php?rest_route=%2Fwp%2Fv2%2Fmedia&parent=52"}],"curies":[{"name":"wp","href":"https:\/\/api.w.org\/{rel}","templated":true}]}}